{"id":24850,"date":"2020-05-19T09:20:20","date_gmt":"2020-05-19T09:20:20","guid":{"rendered":"https:\/\/evasionlisbonne.pt\/escapadas\/sejour-health-detox\/"},"modified":"2020-05-20T10:03:28","modified_gmt":"2020-05-20T10:03:28","slug":"programa-saude-detox","status":"publish","type":"page","link":"https:\/\/evasionlisbonne.pt\/pt-pt\/escapadas\/programa-saude-detox\/","title":{"rendered":"Programa Sa\u00fade &#038; Detox"},"content":{"rendered":"<p>[vc_row full_width=&#8221;stretch_row&#8221; css=&#8221;.vc_custom_1564482788860{padding-top: 0px !important;padding-bottom: 0px !important;background-color: #ffffff !important;}&#8221;][vc_column width=&#8221;1\/6&#8243;][\/vc_column][vc_column width=&#8221;4\/6&#8243;]<div id=\"ultimate-heading-45969cffc499739e\" class=\"uvc-heading ult-adjust-bottom-margin ultimate-heading-45969cffc499739e uvc-1579 \" data-hspacer=\"line_only\"  data-halign=\"center\" style=\"text-align:center\"><div class=\"uvc-main-heading ult-responsive\"  data-ultimate-target='.uvc-heading.ultimate-heading-45969cffc499739e h2'  data-responsive-json-new='{\"font-size\":\"desktop:30px;\",\"line-height\":\"\"}' ><h2 style=\"font-weight:bold;color:#303030;margin-top:20px;\">PROGRAMA DE SA\u00daDE E DETOX 5 NOITES \/ 6 DIAS<\/h2><\/div><div class=\"uvc-heading-spacer line_only\" style=\"margin-top:10px;margin-bottom:10px;height:3px;\"><span class=\"uvc-headings-line\" style=\"border-style:solid;border-bottom-width:3px;border-color:#c8a441;width:100px;\"><\/span><\/div><\/div>[\/vc_column][vc_column width=&#8221;1\/6&#8243;][\/vc_column][\/vc_row][vc_row full_width=&#8221;stretch_row&#8221; css=&#8221;.vc_custom_1530182781552{margin-top: 0px !important;margin-bottom: 0px !important;padding-top: 0px !important;padding-bottom: 0px !important;background-color: #ffffff !important;}&#8221;][vc_column][vc_wp_text]<span style=\"font-size: 12pt;\">A Evasion Lisbonne oferece Escapadas para diferentes tem\u00e1ticas: Fam\u00edlia, Bem-estar, Relaxamento, Sa\u00fade, Luxo, Mergulho, Surf, Natureza, Golfe, &#8230; Venha descobrir ofertas que s\u00e3o boas para o corpo e a mente, viagens para recarregar as baterias, fique sozinho, em casal, com a fam\u00edlia ou amigos. Nossas ofertas oferecem acomoda\u00e7\u00e3o em hot\u00e9is, apartamentos ou moradias encantadoras, por alguns dias ou para estadias mais longas, descubra nossa sele\u00e7\u00e3o de Escapadelas ideais, para desconectar e recarregar as suas baterias!<\/span>[\/vc_wp_text][\/vc_column][\/vc_row][vc_row full_width=&#8221;stretch_row&#8221; css=&#8221;.vc_custom_1530182781552{margin-top: 0px !important;margin-bottom: 0px !important;padding-top: 0px !important;padding-bottom: 0px !important;background-color: #ffffff !important;}&#8221;][vc_column width=&#8221;1\/6&#8243; css=&#8221;.vc_custom_1568448103767{margin-top: 15px !important;}&#8221;][\/vc_column][vc_column width=&#8221;2\/3&#8243;][vc_gallery interval=&#8221;3&#8243; images=&#8221;23704,23701,23695,23692,23689,23686,23707&#8243; img_size=&#8221;350&#215;250&#8243; onclick=&#8221;&#8221;][\/vc_column][vc_column width=&#8221;1\/6&#8243;][\/vc_column][\/vc_row][vc_row full_width=&#8221;stretch_row&#8221; css=&#8221;.vc_custom_1530182781552{margin-top: 0px !important;margin-bottom: 0px !important;padding-top: 0px !important;padding-bottom: 0px !important;background-color: #ffffff !important;}&#8221;][vc_column css=&#8221;.vc_custom_1568448103767{margin-top: 15px !important;}&#8221;][vc_wp_text]<b>PROGRAMA DE SA\u00daDE E DETOX 5 NOITES \/ 6 DIAS<\/b><\/p>\n<p><b>Ao combinar Bem-estar e Descoberta, cuide do seu corpo e da sua mente durante esta estadia em Sa\u00fade e Desintoxica\u00e7\u00e3o.<\/b><\/p>\n<p><span style=\"font-weight: 400;\">Sente-se sobrecarregado na sua agitada vida di\u00e1ria? Precisa de fazer uma pausa bem merecida, aprimorada por servi\u00e7os excepcionais? Mimar o seu corpo e a sua mente? \u00c9 hora de se deliciar-se com uma deliciosa pausa para o bem-estar. Para mim\u00e1-lo com encantamento e serenidade, criamos um programa sofisticado para si, uma fuga inesquec\u00edvel para saborear sem demora &#8230;<\/span>[\/vc_wp_text][\/vc_column][\/vc_row][vc_row full_width=&#8221;stretch_row&#8221; css=&#8221;.vc_custom_1530182781552{margin-top: 0px !important;margin-bottom: 0px !important;padding-top: 0px !important;padding-bottom: 0px !important;background-color: #ffffff !important;}&#8221;][vc_column css=&#8221;.vc_custom_1568448103767{margin-top: 15px !important;}&#8221;][vc_tta_accordion][vc_tta_section title=&#8221;Fuja para Lisboa para uma luxuosa estadia de bem-estar&#8221; tab_id=&#8221;1589885336120-2784b6bc-7749&#8243;][vc_wp_text]Nada como a espl\u00eandida cidade de Lisboa, com seu charme \u00fanico e cativante, para convid\u00e1-lo a relaxar, praticar esportes e descobertas &#8230; Garantido conforto e mudan\u00e7a de cen\u00e1rio!<\/p>\n<p>Esteja sozinho, em casal ou com amigos, seja um gerente de neg\u00f3cios, um trabalhador apaixonado e hiperativo, um pai que procura uma pausa para o bem-estar &#8230; N\u00e3o hesite mais: chegou a hora de desconectar-se em um cen\u00e1rio id\u00edlico. tempo para uma estadia de luxo combinando bem-estar, treino desportivo e visitas fascinantes a Lisboa.[\/vc_wp_text][\/vc_tta_section][vc_tta_section title=&#8221;Desfrute de um programa de bem-estar de alta qualidade&#8221; tab_id=&#8221;1589885336233-4fa4ac01-b2f2&#8243;][vc_wp_text]<b>Dia 1 :<\/b><\/p>\n<p>Bem vindo a Lisboa! Descubra as excelentes acomoda\u00e7\u00f5es e aproveita o tempo para se instalar. Depois de apreciar este cen\u00e1rio luxuoso, voc\u00ea \u00e9 convidado para uma sess\u00e3o de massagem irresist\u00edvel no final da tarde. Uma pura felicidade!<\/p>\n<p><b><i>* Inclu\u00eddo: traslado de chegada, massagem, noite em acomoda\u00e7\u00f5es de luxo<\/i><\/b><\/p>\n<p><b>Dia 2 :<\/b><\/p>\n<p>Declaramos aberto o seu primeiro caf\u00e9 da manh\u00e3: o momento de saborear energia e sabores ensolarados! Voc\u00ea conhece o treinador: a oportunidade de discutir suas necessidades e expectativas. Em seguida, \u00e9 oferecida uma aula de 1,5 horas.<\/p>\n<p>Ap\u00f3s o almo\u00e7o gratuito, voc\u00ea explorar\u00e1 o centro hist\u00f3rico de Lisboa, inclu\u00eddo no programa.<\/p>\n<p>No final da tarde, convidamos voc\u00ea para uma agrad\u00e1vel sess\u00e3o de ioga na praia. Depois, desfrute de uma noite gr\u00e1tis depois do jantar.<\/p>\n<p><b><i>*Inclu\u00eddo: Visitas e \/ ou atividades mencionadas no programa, pernoite em acomoda\u00e7\u00f5es de luxo com caf\u00e9 da manh\u00e3.<\/i><\/b><\/p>\n<p><b>Dia 3 :<\/b><\/p>\n<p>Aprecie o seu caf\u00e9 da manh\u00e3 e continue seu programa saud\u00e1vel com uma aula de desporto particular!<\/p>\n<p>Ap\u00f3s o almo\u00e7o gratuito, convidamos voc\u00ea a descobrir o bairro emblem\u00e1tico de Bel\u00e9m: \u00e9 com um cruzeiro de aperitivos excepcional no Tejo que voc\u00ea saborear\u00e1 seus encantos.<\/p>\n<p>Depois, relaxamento e calma garantidos com uma sess\u00e3o de ioga, seguida de um jantar de aperitivo. Em seguida, voc\u00ea \u00e9 convidado para uma apresenta\u00e7\u00e3o dos produtos Nuskin, uma marca de beleza sofisticada, e se beneficia de conselhos e testes gratuitos: uma pausa delicada no bem-estar para cuidar de voc\u00ea.<\/p>\n<p>*<b><i>Inclu\u00eddo: Visitas e \/ ou atividades mencionadas no programa, pernoite em acomoda\u00e7\u00f5es de luxo com caf\u00e9 da manh\u00e3.<\/i><\/b><\/p>\n<p><b>Dia 4 :<\/b><\/p>\n<p>Ap\u00f3s uma sess\u00e3o matinal de Yoga seguida de caf\u00e9 da manh\u00e3, deixe-se surpreender por Sintra: uma cidade cativante entre colinas e pal\u00e1cios majestosos, onde heran\u00e7a hist\u00f3rica e gemas arquitet\u00f4nicas extravagantes se misturam\u2026<\/p>\n<p>No final da tarde, desfrute de uma sess\u00e3o de esportes leves e depois de um jantar gr\u00e1tis.<br \/>\n<b><i>*Inclu\u00eddo: Visitas e \/ ou atividades mencionadas no programa, pernoite em acomoda\u00e7\u00f5es de luxo com caf\u00e9 da manh\u00e3.<\/i><\/b><\/p>\n<p><b>Dia 5 :<\/b><\/p>\n<p>Ap\u00f3s o caf\u00e9 da manh\u00e3, abra caminho para uma sess\u00e3o de esportes com o treinador. Que del\u00edcia relaxar ao lado da piscina!<\/p>\n<p>Ap\u00f3s o almo\u00e7o, partimos para duas horas de inicia\u00e7\u00e3o ao surf, seguidas de uma sess\u00e3o de ioga na imensa praia de Carcavelos. Aconselhamos a admirar o magn\u00edfico p\u00f4r do sol, encantando neste lugar excepcional &#8230;<\/p>\n<p><b><i>*Inclu\u00eddo: Visitas e \/ ou atividades mencionadas no programa, pernoite em acomoda\u00e7\u00f5es de luxo com caf\u00e9 da manh\u00e3.<\/i><\/b><\/p>\n<p><b>Dia 6 :<\/b><\/p>\n<p>O seu caf\u00e9 da manh\u00e3 final \u00e9 seguido por uma relaxante massagem.<\/p>\n<p>Infelizmente, esta estadia cheia de bem-estar e emo\u00e7\u00f5es chega ao fim\u2026 Depois do almo\u00e7o, chegou a hora de chegar ao aeroporto atrav\u00e9s do seu transfer. Fim dos servi\u00e7os da Evasion Lisbonne.[\/vc_wp_text][\/vc_tta_section][vc_tta_section title=&#8221;Inclu\u00eddo&#8221; tab_id=&#8221;1589885491760-94340b62-2bec&#8221;][vc_wp_text]<b><i>*Inclu\u00eddo: Visitas e \/ ou atividades mencionadas no programa, pernoite em acomoda\u00e7\u00f5es de luxo com caf\u00e9 da manh\u00e3.<\/i><\/b><\/p>\n<p>&nbsp;<\/p>\n<p><b>Pre\u00e7o: Desde 2050 \u20ac TTC \/ por pessoa<\/b><\/p>\n<p>&nbsp;<\/p>\n<p>* Inclu\u00eddo:<\/p>\n<ul>\n<li>Todos os itens estipulados como inclu\u00eddos no programa acima<\/li>\n<li>Concierge privado dispon\u00edvel durante a sua estadia<\/li>\n<\/ul>\n<p>[\/vc_wp_text][\/vc_tta_section][vc_tta_section title=&#8221;N\u00e3o Inclu\u00eddo&#8221; tab_id=&#8221;1589885566090-31825a96-1974&#8243;][vc_wp_text]<\/p>\n<ul>\n<li>Voos ou meios de transporte para chegar ao ponto de encontro do dia 1<\/li>\n<li>Viagem, exceto os dias 1 e 6 (transfer\u00eancia de chegada + partida inclu\u00edda)<\/li>\n<li>Despesas pessoais, gorjetas e seguros (consulte-nos)<\/li>\n<li>Refei\u00e7\u00f5es e bebidas n\u00e3o mencionadas<\/li>\n<li>Tudo o que n\u00e3o \u00e9 mencionado na se\u00e7\u00e3o &#8220;Inclu\u00eddo no Pre\u00e7o&#8221;<\/li>\n<li>Passeios ou atividades sugeridos<\/li>\n<li>Transfer\u00eancias e noites adicionais em caso de adiamento do seu voo ou outra situa\u00e7\u00e3o independente da ag\u00eancia Evasion Lisbonne<\/li>\n<li>Taxas, transfer\u00eancias e log\u00edstica em caso de atraso ou perda de bagagem pela companhia a\u00e9rea<\/li>\n<\/ul>\n<p>[\/vc_wp_text][\/vc_tta_section][vc_tta_section title=&#8221;Informa\u00e7\u00f5es Importantes&#8221; tab_id=&#8221;1589885716681-d228543a-c1c9&#8243;][vc_wp_text]Alojamento:<\/p>\n<p>Pre\u00e7o com base em quarto duplo, hotel \u00e0 beira-mar de 5 * localizado na prestigiada regi\u00e3o de Cascais. Tipo: Albatroz Hotel ou similar. Caf\u00e9 da manh\u00e3 incluso. Quarto com vista para o mar por um custo adicional (entre em contacto.<\/p>\n<p>Nota: Na parte da acomoda\u00e7\u00e3o, \u00e9 poss\u00edvel adaptar-se outra acomoda\u00e7\u00e3o do tipo: Apartamento, Loft, vila com uma reavalia\u00e7\u00e3o do or\u00e7amento.<\/p>\n<p>N\u00edvel desportivo:<\/p>\n<p>Esta estadia \u00e9 classificada como &#8220;moderada&#8221;, \u00e9 uma escapada de bem-estar supervisionada por profissionais reais.<\/p>\n<p>Voos e outros servi\u00e7os:<\/p>\n<p>N\u00e3o reservamos voos e n\u00e3o alugamos um carro, no entanto, podemos ajudar e aconselh\u00e1-lo na organiza\u00e7\u00e3o e gerenciamento desta parte da viagem.<\/p>\n<p>Feito por medida:<\/p>\n<p>O cora\u00e7\u00e3o da viagem deve permanecer na l\u00f3gica do tema proposto, no entanto, \u00e9 poss\u00edvel adaptar determinados servi\u00e7os de acordo com seus desejos (consulte-nos)<\/p>\n<p>N\u00famero de participantes:<\/p>\n<p>A viagem \u00e9 calculada e proposta com base em 2 viajantes, no entanto, \u00e9 poss\u00edvel organiz\u00e1-la at\u00e9 10 pessoas. (Consulte-nos)\/p&gt;<\/p>\n<p><b>Hotel Albatroz 5* \/ Cascais :<\/b><\/p>\n<p>Situado nas fal\u00e9sias da costa de Cascais, o Hotel Albatroz, de 5 estrelas, goza de vistas soberbas sobre a Ba\u00eda de Cascais. Acolhedora e encantadora, possui uma piscina com vista para o mar e um terra\u00e7o para banhos de sol.<\/p>\n<p>Os quartos t\u00eam vista para a ba\u00eda ou a cidade de Cascais. Muito car\u00e1cter para este estabelecimento, que oferece uma decora\u00e7\u00e3o elegante. Voc\u00ea pode desfrutar de um buffet de caf\u00e9 da manh\u00e3 preparado na hora no restaurante panor\u00e2mico, com vistas espetaculares do mar.Um menu completo est\u00e1 dispon\u00edvel para almo\u00e7o e jantar (n\u00e3o inclu\u00eddo). O bar do hotel com terra\u00e7o serve uma sele\u00e7\u00e3o de bebidas durante todo o dia. Degusta\u00e7\u00f5es de vinhos e refei\u00e7\u00f5es com show cooking tamb\u00e9m est\u00e3o dispon\u00edveis no local em determinadas datas. Existem v\u00e1rios restaurantes no centro de Cascais, apenas a 5 minutos a p\u00e9.<\/p>\n<p>Situada no parque paisag\u00edstico, a piscina do Albatroz \u00e9 cercada por espregui\u00e7adeiras nas quais voc\u00ea pode relaxar enquanto aproveita o sol. O hotel possui uma boutique gourmet que oferece uma sele\u00e7\u00e3o de produtos finos e excelentes vinhos. Na Evasion Lisbonne: ADORAMOS!<\/p>\n<p><b>Reserve sua estadia saud\u00e1vel em Lisboa rapidamente!<\/b><\/p>\n<p>Seduzido pela qualidade deste programa original? Voc\u00ea est\u00e1 sonhando com esta estadia sofisticada? N\u00e3o espere mais, reserve sua fuga saud\u00e1vel agora. Seu corpo e sua mente j\u00e1 est\u00e3o impacientes &#8230;[\/vc_wp_text][\/vc_tta_section][\/vc_tta_accordion]<div class=\" ult_buttons ubtn-ctn-left \"><a class=\"ubtn-link ult-adjust-bottom-margin ubtn-left ubtn-normal \" href=\"\/pt-pt\/contactos\/\" ><button type=\"button\" id=\"ubtn-1919\"  class=\"ubtn ult-adjust-bottom-margin ult-responsive ubtn-normal ubtn-no-hover-bg  ulta-grow  ubtn-left   tooltip-69cffc49973c9\"  data-hover=\"#c8a441\" data-border-color=\"\" data-bg=\"#000000\" data-hover-bg=\"#000000\" data-border-hover=\"\" data-shadow-hover=\"\" data-shadow-click=\"none\" data-shadow=\"\" data-shd-shadow=\"\"  data-ultimate-target='#ubtn-1919'  data-responsive-json-new='{\"font-size\":\"desktop:18px;\",\"line-height\":\"desktop:20px;\"}'  style=\"font-weight:normal;border:none;background: #000000;color: #ffffff;\"><span class=\"ubtn-hover\" style=\"background-color:#000000\"><\/span><span class=\"ubtn-data ubtn-text \" >Contacte-nos<\/span><\/button><\/a><\/div>[vc_empty_space height=&#8221;15px&#8221;][\/vc_column][\/vc_row]<\/p>\n","protected":false},"excerpt":{"rendered":"<p>[vc_row full_width=&#8221;stretch_row&#8221; css=&#8221;.vc_custom_1564482788860{padding-top: 0px !important;padding-bottom: 0px !important;background-color: #ffffff !important;}&#8221;][vc_column width=&#8221;1\/6&#8243;][\/vc_column][vc_column width=&#8221;4\/6&#8243;][\/vc_column][vc_column width=&#8221;1\/6&#8243;][\/vc_column][\/vc_row][vc_row full_width=&#8221;stretch_row&#8221; css=&#8221;.vc_custom_1530182781552{margin-top: 0px !important;margin-bottom: 0px !important;padding-top: 0px !important;padding-bottom: 0px !important;background-color: #ffffff !important;}&#8221;][vc_column][vc_wp_text]A Evasion Lisbonne oferece Escapadas para diferentes tem\u00e1ticas: Fam\u00edlia, Bem-estar, Relaxamento, Sa\u00fade, Luxo, Mergulho, Surf, Natureza, Golfe, &#8230; Venha descobrir ofertas que s\u00e3o boas para o corpo e a mente, viagens para recarregar as baterias, fique sozinho, em casal, com a &#8230;<\/p>\n","protected":false},"author":1,"featured_media":0,"parent":23486,"menu_order":0,"comment_status":"closed","ping_status":"closed","template":"","meta":{"footnotes":""},"class_list":["post-24850","page","type-page","status-publish","hentry"],"yoast_head":"<!-- This site is optimized with the Yoast SEO plugin v26.8 - https:\/\/yoast.com\/product\/yoast-seo-wordpress\/ -->\n<title>Programa Sa\u00fade &amp; Detox - Evasion Lisbonne<\/title>\n<meta name=\"robots\" content=\"index, follow, max-snippet:-1, max-image-preview:large, max-video-preview:-1\" \/>\n<link rel=\"canonical\" href=\"https:\/\/evasionlisbonne.pt\/pt-pt\/escapadas\/programa-saude-detox\/\" \/>\n<meta property=\"og:locale\" content=\"pt_PT\" \/>\n<meta property=\"og:type\" content=\"article\" \/>\n<meta property=\"og:title\" content=\"Programa Sa\u00fade &amp; Detox - Evasion Lisbonne\" \/>\n<meta property=\"og:description\" content=\"[vc_row full_width=&#8221;stretch_row&#8221; css=&#8221;.vc_custom_1564482788860{padding-top: 0px !important;padding-bottom: 0px !important;background-color: #ffffff !important;}&#8221;][vc_column width=&#8221;1\/6&#8243;][\/vc_column][vc_column width=&#8221;4\/6&#8243;][\/vc_column][vc_column width=&#8221;1\/6&#8243;][\/vc_column][\/vc_row][vc_row full_width=&#8221;stretch_row&#8221; css=&#8221;.vc_custom_1530182781552{margin-top: 0px !important;margin-bottom: 0px !important;padding-top: 0px !important;padding-bottom: 0px !important;background-color: #ffffff !important;}&#8221;][vc_column][vc_wp_text]A Evasion Lisbonne oferece Escapadas para diferentes tem\u00e1ticas: Fam\u00edlia, Bem-estar, Relaxamento, Sa\u00fade, Luxo, Mergulho, Surf, Natureza, Golfe, &#8230; Venha descobrir ofertas que s\u00e3o boas para o corpo e a mente, viagens para recarregar as baterias, fique sozinho, em casal, com a ...\" \/>\n<meta property=\"og:url\" content=\"https:\/\/evasionlisbonne.pt\/pt-pt\/escapadas\/programa-saude-detox\/\" \/>\n<meta property=\"og:site_name\" content=\"Evasion Lisbonne\" \/>\n<meta property=\"article:publisher\" content=\"https:\/\/www.instagram.com\/evasion_lisbonne\/\" \/>\n<meta property=\"article:modified_time\" content=\"2020-05-20T10:03:28+00:00\" \/>\n<meta name=\"twitter:card\" content=\"summary_large_image\" \/>\n<meta name=\"twitter:label1\" content=\"Tempo estimado de leitura\" \/>\n\t<meta name=\"twitter:data1\" content=\"9 minutos\" \/>\n<script type=\"application\/ld+json\" class=\"yoast-schema-graph\">{\"@context\":\"https:\/\/schema.org\",\"@graph\":[{\"@type\":\"WebPage\",\"@id\":\"https:\/\/evasionlisbonne.pt\/pt-pt\/escapadas\/programa-saude-detox\/\",\"url\":\"https:\/\/evasionlisbonne.pt\/pt-pt\/escapadas\/programa-saude-detox\/\",\"name\":\"Programa Sa\u00fade & Detox - Evasion Lisbonne\",\"isPartOf\":{\"@id\":\"https:\/\/gray-herring-561024.hostingersite.com\/#website\"},\"datePublished\":\"2020-05-19T09:20:20+00:00\",\"dateModified\":\"2020-05-20T10:03:28+00:00\",\"breadcrumb\":{\"@id\":\"https:\/\/evasionlisbonne.pt\/pt-pt\/escapadas\/programa-saude-detox\/#breadcrumb\"},\"inLanguage\":\"pt-PT\",\"potentialAction\":[{\"@type\":\"ReadAction\",\"target\":[\"https:\/\/evasionlisbonne.pt\/pt-pt\/escapadas\/programa-saude-detox\/\"]}]},{\"@type\":\"BreadcrumbList\",\"@id\":\"https:\/\/evasionlisbonne.pt\/pt-pt\/escapadas\/programa-saude-detox\/#breadcrumb\",\"itemListElement\":[{\"@type\":\"ListItem\",\"position\":1,\"name\":\"Accueil\",\"item\":\"https:\/\/evasionlisbonne.pt\/pt-pt\/\"},{\"@type\":\"ListItem\",\"position\":2,\"name\":\"Escapadas\",\"item\":\"https:\/\/evasionlisbonne.pt\/pt-pt\/escapadas\/\"},{\"@type\":\"ListItem\",\"position\":3,\"name\":\"Programa Sa\u00fade &#038; Detox\"}]},{\"@type\":\"WebSite\",\"@id\":\"https:\/\/gray-herring-561024.hostingersite.com\/#website\",\"url\":\"https:\/\/gray-herring-561024.hostingersite.com\/\",\"name\":\"Evasion Lisbonne\",\"description\":\"Evasion Lisbonne\",\"potentialAction\":[{\"@type\":\"SearchAction\",\"target\":{\"@type\":\"EntryPoint\",\"urlTemplate\":\"https:\/\/gray-herring-561024.hostingersite.com\/?s={search_term_string}\"},\"query-input\":{\"@type\":\"PropertyValueSpecification\",\"valueRequired\":true,\"valueName\":\"search_term_string\"}}],\"inLanguage\":\"pt-PT\"}]}<\/script>\n<!-- \/ Yoast SEO plugin. -->","yoast_head_json":{"title":"Programa Sa\u00fade & Detox - Evasion Lisbonne","robots":{"index":"index","follow":"follow","max-snippet":"max-snippet:-1","max-image-preview":"max-image-preview:large","max-video-preview":"max-video-preview:-1"},"canonical":"https:\/\/evasionlisbonne.pt\/pt-pt\/escapadas\/programa-saude-detox\/","og_locale":"pt_PT","og_type":"article","og_title":"Programa Sa\u00fade & Detox - Evasion Lisbonne","og_description":"[vc_row full_width=&#8221;stretch_row&#8221; css=&#8221;.vc_custom_1564482788860{padding-top: 0px !important;padding-bottom: 0px !important;background-color: #ffffff !important;}&#8221;][vc_column width=&#8221;1\/6&#8243;][\/vc_column][vc_column width=&#8221;4\/6&#8243;][\/vc_column][vc_column width=&#8221;1\/6&#8243;][\/vc_column][\/vc_row][vc_row full_width=&#8221;stretch_row&#8221; css=&#8221;.vc_custom_1530182781552{margin-top: 0px !important;margin-bottom: 0px !important;padding-top: 0px !important;padding-bottom: 0px !important;background-color: #ffffff !important;}&#8221;][vc_column][vc_wp_text]A Evasion Lisbonne oferece Escapadas para diferentes tem\u00e1ticas: Fam\u00edlia, Bem-estar, Relaxamento, Sa\u00fade, Luxo, Mergulho, Surf, Natureza, Golfe, &#8230; Venha descobrir ofertas que s\u00e3o boas para o corpo e a mente, viagens para recarregar as baterias, fique sozinho, em casal, com a ...","og_url":"https:\/\/evasionlisbonne.pt\/pt-pt\/escapadas\/programa-saude-detox\/","og_site_name":"Evasion Lisbonne","article_publisher":"https:\/\/www.instagram.com\/evasion_lisbonne\/","article_modified_time":"2020-05-20T10:03:28+00:00","twitter_card":"summary_large_image","twitter_misc":{"Tempo estimado de leitura":"9 minutos"},"schema":{"@context":"https:\/\/schema.org","@graph":[{"@type":"WebPage","@id":"https:\/\/evasionlisbonne.pt\/pt-pt\/escapadas\/programa-saude-detox\/","url":"https:\/\/evasionlisbonne.pt\/pt-pt\/escapadas\/programa-saude-detox\/","name":"Programa Sa\u00fade & Detox - Evasion Lisbonne","isPartOf":{"@id":"https:\/\/gray-herring-561024.hostingersite.com\/#website"},"datePublished":"2020-05-19T09:20:20+00:00","dateModified":"2020-05-20T10:03:28+00:00","breadcrumb":{"@id":"https:\/\/evasionlisbonne.pt\/pt-pt\/escapadas\/programa-saude-detox\/#breadcrumb"},"inLanguage":"pt-PT","potentialAction":[{"@type":"ReadAction","target":["https:\/\/evasionlisbonne.pt\/pt-pt\/escapadas\/programa-saude-detox\/"]}]},{"@type":"BreadcrumbList","@id":"https:\/\/evasionlisbonne.pt\/pt-pt\/escapadas\/programa-saude-detox\/#breadcrumb","itemListElement":[{"@type":"ListItem","position":1,"name":"Accueil","item":"https:\/\/evasionlisbonne.pt\/pt-pt\/"},{"@type":"ListItem","position":2,"name":"Escapadas","item":"https:\/\/evasionlisbonne.pt\/pt-pt\/escapadas\/"},{"@type":"ListItem","position":3,"name":"Programa Sa\u00fade &#038; Detox"}]},{"@type":"WebSite","@id":"https:\/\/gray-herring-561024.hostingersite.com\/#website","url":"https:\/\/gray-herring-561024.hostingersite.com\/","name":"Evasion Lisbonne","description":"Evasion Lisbonne","potentialAction":[{"@type":"SearchAction","target":{"@type":"EntryPoint","urlTemplate":"https:\/\/gray-herring-561024.hostingersite.com\/?s={search_term_string}"},"query-input":{"@type":"PropertyValueSpecification","valueRequired":true,"valueName":"search_term_string"}}],"inLanguage":"pt-PT"}]}},"_links":{"self":[{"href":"https:\/\/evasionlisbonne.pt\/pt-pt\/wp-json\/wp\/v2\/pages\/24850","targetHints":{"allow":["GET"]}}],"collection":[{"href":"https:\/\/evasionlisbonne.pt\/pt-pt\/wp-json\/wp\/v2\/pages"}],"about":[{"href":"https:\/\/evasionlisbonne.pt\/pt-pt\/wp-json\/wp\/v2\/types\/page"}],"author":[{"embeddable":true,"href":"https:\/\/evasionlisbonne.pt\/pt-pt\/wp-json\/wp\/v2\/users\/1"}],"replies":[{"embeddable":true,"href":"https:\/\/evasionlisbonne.pt\/pt-pt\/wp-json\/wp\/v2\/comments?post=24850"}],"version-history":[{"count":9,"href":"https:\/\/evasionlisbonne.pt\/pt-pt\/wp-json\/wp\/v2\/pages\/24850\/revisions"}],"predecessor-version":[{"id":24868,"href":"https:\/\/evasionlisbonne.pt\/pt-pt\/wp-json\/wp\/v2\/pages\/24850\/revisions\/24868"}],"up":[{"embeddable":true,"href":"https:\/\/evasionlisbonne.pt\/pt-pt\/wp-json\/wp\/v2\/pages\/23486"}],"wp:attachment":[{"href":"https:\/\/evasionlisbonne.pt\/pt-pt\/wp-json\/wp\/v2\/media?parent=24850"}],"curies":[{"name":"wp","href":"https:\/\/api.w.org\/{rel}","templated":true}]}}